{"id":1503,"date":"2023-12-11T16:55:10","date_gmt":"2023-12-11T16:55:10","guid":{"rendered":"https:\/\/www.evom.si\/?page_id=1503"},"modified":"2025-01-06T11:19:19","modified_gmt":"2025-01-06T11:19:19","slug":"storitve","status":"publish","type":"page","link":"https:\/\/www.evom.si\/?page_id=1503","title":{"rendered":"B2B"},"content":{"rendered":"\t\t<div data-elementor-type=\"wp-page\" data-elementor-id=\"1503\" class=\"elementor elementor-1503\">\n\t\t\t\t\t\t\t\t\t<section class=\"elementor-section elementor-top-section elementor-element elementor-element-b03a1c9 ct-section-stretched elementor-section-boxed elementor-section-height-default elementor-section-height-default\" data-id=\"b03a1c9\" data-element_type=\"section\" data-settings=\"{&quot;background_background&quot;:&quot;classic&quot;}\">\n\t\t\t\t\t\t<div class=\"elementor-container elementor-column-gap-extended\">\n\t\t\t\t\t<div class=\"elementor-column elementor-col-50 elementor-top-column elementor-element elementor-element-8872563\" data-id=\"8872563\" data-element_type=\"column\" data-settings=\"{&quot;background_background&quot;:&quot;classic&quot;}\">\n\t\t\t<div class=\"elementor-widget-wrap elementor-element-populated\">\n\t\t\t\t\t<div class=\"elementor-background-overlay\"><\/div>\n\t\t\t\t\t\t\t\t<div class=\"elementor-element elementor-element-d200aa1 elementor-widget elementor-widget-heading\" data-id=\"d200aa1\" data-element_type=\"widget\" data-widget_type=\"heading.default\">\n\t\t\t\t<div class=\"elementor-widget-container\">\n\t\t\t<style>\/*! elementor - v3.18.0 - 08-12-2023 *\/\n.elementor-heading-title{padding:0;margin:0;line-height:1}.elementor-widget-heading .elementor-heading-title[class*=elementor-size-]>a{color:inherit;font-size:inherit;line-height:inherit}.elementor-widget-heading .elementor-heading-title.elementor-size-small{font-size:15px}.elementor-widget-heading .elementor-heading-title.elementor-size-medium{font-size:19px}.elementor-widget-heading .elementor-heading-title.elementor-size-large{font-size:29px}.elementor-widget-heading .elementor-heading-title.elementor-size-xl{font-size:39px}.elementor-widget-heading .elementor-heading-title.elementor-size-xxl{font-size:59px}<\/style><h3 class=\"elementor-heading-title elementor-size-default\">Vstop na tuje trge (B2B)<\/h3>\t\t<\/div>\n\t\t\t\t<\/div>\n\t\t\t\t<div class=\"elementor-element elementor-element-380638c elementor-widget elementor-widget-text-editor\" data-id=\"380638c\" data-element_type=\"widget\" data-widget_type=\"text-editor.default\">\n\t\t\t\t<div class=\"elementor-widget-container\">\n\t\t\t<style>\/*! elementor - v3.18.0 - 08-12-2023 *\/\n.elementor-widget-text-editor.elementor-drop-cap-view-stacked .elementor-drop-cap{background-color:#69727d;color:#fff}.elementor-widget-text-editor.elementor-drop-cap-view-framed .elementor-drop-cap{color:#69727d;border:3px solid;background-color:transparent}.elementor-widget-text-editor:not(.elementor-drop-cap-view-default) .elementor-drop-cap{margin-top:8px}.elementor-widget-text-editor:not(.elementor-drop-cap-view-default) .elementor-drop-cap-letter{width:1em;height:1em}.elementor-widget-text-editor .elementor-drop-cap{float:left;text-align:center;line-height:1;font-size:50px}.elementor-widget-text-editor .elementor-drop-cap-letter{display:inline-block}<\/style>\t\t\t\t<p>\u017delite vstopiti na novi tuji trg?<\/p><p>Pripravili smo vam nov specializirani produkt B2B tr\u017eenja s ciljem organizacije sre\u010danj s potencialnimi partnerji (kupci) in direktnega tr\u017eenja va\u0161ih izdelkov ali storitev na tujih trgih.<\/p><p>Storitev vklju\u010duje:<\/p><p>priprava baz ciljnih podjetij,<br \/>uporaba orodij direktnega marketinga,<br \/>navezovanje neposrednih poslovnih stikov, s predstavitvijo izdelkov ali storitev va\u0161ega podjetja skrbno izbranemu segmentu podjetij, preko na\u0161ega klicnega studia Evom,<br \/>zbiranje kvalitativnih informacij o nakupnem vedenju potro\u0161nikov in kulturnih razlikah,<br \/>outsourcing komunikacijskih storitev vstopa na tuji trg,<br \/>sprotno poro\u010danje o rezultatih projekta,<br \/>ob koncu vsakega\u00a0meseca urejene baze klicev, klju\u010dne informacije o poteku pisne in ustne korespondence.<br \/>Svet je lahko va\u0161!<\/p>\t\t\t\t\t\t<\/div>\n\t\t\t\t<\/div>\n\t\t\t\t<div class=\"elementor-element elementor-element-5ae2fd6 elementor-align-center elementor-mobile-align-center elementor-widget elementor-widget-button\" data-id=\"5ae2fd6\" data-element_type=\"widget\" data-widget_type=\"button.default\">\n\t\t\t\t<div class=\"elementor-widget-container\">\n\t\t\t\t\t<div class=\"elementor-button-wrapper\">\n\t\t\t<a class=\"elementor-button elementor-button-link elementor-size-md\" href=\"#\">\n\t\t\t\t\t\t<span class=\"elementor-button-content-wrapper\">\n\t\t\t\t\t\t<span class=\"elementor-button-text\">Ve\u010d<\/span>\n\t\t<\/span>\n\t\t\t\t\t<\/a>\n\t\t<\/div>\n\t\t\t\t<\/div>\n\t\t\t\t<\/div>\n\t\t\t\t\t<\/div>\n\t\t<\/div>\n\t\t\t\t<div class=\"elementor-column elementor-col-50 elementor-top-column elementor-element elementor-element-4632e84\" data-id=\"4632e84\" data-element_type=\"column\" data-settings=\"{&quot;background_background&quot;:&quot;classic&quot;}\">\n\t\t\t<div class=\"elementor-widget-wrap elementor-element-populated\">\n\t\t\t\t\t<div class=\"elementor-background-overlay\"><\/div>\n\t\t\t\t\t\t\t\t<div class=\"elementor-element elementor-element-16efd41 elementor-widget elementor-widget-heading\" data-id=\"16efd41\" data-element_type=\"widget\" data-widget_type=\"heading.default\">\n\t\t\t\t<div class=\"elementor-widget-container\">\n\t\t\t<h3 class=\"elementor-heading-title elementor-size-default\">Raziskave trga<\/h3>\t\t<\/div>\n\t\t\t\t<\/div>\n\t\t\t\t<div class=\"elementor-element elementor-element-304830c elementor-widget elementor-widget-text-editor\" data-id=\"304830c\" data-element_type=\"widget\" data-widget_type=\"text-editor.default\">\n\t\t\t\t<div class=\"elementor-widget-container\">\n\t\t\t\t\t\t\t<p>Namen raziskave trga je prodor obstoje\u010dih ali novih izdelkov ali storitev na potencialni tuji trg.<\/p><p>Tr\u017ena raziskava vsebuje:<\/p><ul><li>identifikacijo in oceno novih tr\u017enih\/izdel\u010dnih prilo\u017enosti na potencialnem tujem trgu,<\/li><li>oceno ustreznosti obstoje\u010dih izdelkov ali storitev za potrebe potencialnega tujega trga,<\/li><li>pripravo na\u010drta za prilagoditev obstoje\u010dih izdelkov ali storitev specifikam tujega trga,<\/li><li>identifikacijo ustreznih prodajnih kanalov na\u00a0tujem trgu.<\/li><\/ul><div class=\"paragraph\"><strong>Dostopno tudi za manj\u0161a podjetja!<\/strong><\/div>\t\t\t\t\t\t<\/div>\n\t\t\t\t<\/div>\n\t\t\t\t<div class=\"elementor-element elementor-element-6141f88 elementor-align-center elementor-mobile-align-center elementor-widget elementor-widget-button\" data-id=\"6141f88\" data-element_type=\"widget\" data-widget_type=\"button.default\">\n\t\t\t\t<div class=\"elementor-widget-container\">\n\t\t\t\t\t<div class=\"elementor-button-wrapper\">\n\t\t\t<a class=\"elementor-button elementor-button-link elementor-size-md\" href=\"#\">\n\t\t\t\t\t\t<span class=\"elementor-button-content-wrapper\">\n\t\t\t\t\t\t<span class=\"elementor-button-text\">Learn More<\/span>\n\t\t<\/span>\n\t\t\t\t\t<\/a>\n\t\t<\/div>\n\t\t\t\t<\/div>\n\t\t\t\t<\/div>\n\t\t\t\t\t<\/div>\n\t\t<\/div>\n\t\t\t\t\t\t\t<\/div>\n\t\t<\/section>\n\t\t<div class=\"elementor-element elementor-element-96b5f1d e-flex e-con-boxed e-con e-parent\" data-id=\"96b5f1d\" data-element_type=\"container\" data-settings=\"{&quot;content_width&quot;:&quot;boxed&quot;}\" data-core-v316-plus=\"true\">\n\t\t\t\t\t<div class=\"e-con-inner\">\n\t\t\t\t<div class=\"elementor-element elementor-element-7373167 elementor-widget elementor-widget-text-editor\" data-id=\"7373167\" data-element_type=\"widget\" data-widget_type=\"text-editor.default\">\n\t\t\t\t<div class=\"elementor-widget-container\">\n\t\t\t\t\t\t\t<h2 class=\"wsite-content-title\" style=\"overflow-wrap: break-word; margin-bottom: 10px; padding-top: 0.3em; padding-bottom: 0.3em; font-size: 22px; line-height: 1.2; font-family: Exo, 'Myriad Pro', Arial, Helvetica, sans-serif; font-weight: 600; border-bottom: 1px solid #e5e5e5; -webkit-text-stroke-width: 0.2px; color: #252525; font-style: normal; letter-spacing: normal; text-align: left; text-transform: none; text-decoration-thickness: initial; text-decoration-style: initial; text-decoration-color: initial;\">Vstop na tuje trge (B2B)<\/h2>\t\t\t\t\t\t<\/div>\n\t\t\t\t<\/div>\n\t\t\t\t\t<\/div>\n\t\t\t\t<\/div>\n\t\t<div class=\"elementor-element elementor-element-0d07652 e-flex e-con-boxed e-con e-parent\" data-id=\"0d07652\" data-element_type=\"container\" data-settings=\"{&quot;content_width&quot;:&quot;boxed&quot;}\" data-core-v316-plus=\"true\">\n\t\t\t\t\t<div class=\"e-con-inner\">\n\t\t\t\t<div class=\"elementor-element elementor-element-b7fad28 elementor-drop-cap-yes elementor-drop-cap-view-default elementor-widget elementor-widget-text-editor\" data-id=\"b7fad28\" data-element_type=\"widget\" data-settings=\"{&quot;drop_cap&quot;:&quot;yes&quot;}\" data-widget_type=\"text-editor.default\">\n\t\t\t\t<div class=\"elementor-widget-container\">\n\t\t\t\t\t\t\t<div class=\"paragraph\" style=\"overflow-wrap: break-word; margin: 0px; padding: 0.5em 0px; font-size: 13px; line-height: 1.5; color: #797979; font-family: Arial, Helvetica, sans-serif;\"><p>\u017delite vstopiti na novi tuji trg?<\/p><p>Pripravili smo vam nov specializirani produkt B2B tr\u017eenja s ciljem organizacije sre\u010danj s potencialnimi partnerji (kupci) in direktnega tr\u017eenja va\u0161ih izdelkov ali storitev na tujih trgih.<\/p><p>Storitev vklju\u010duje:<\/p><ul style=\"margin-top: 5px !important; margin-bottom: 5px !important; padding-left: 3em !important; list-style: outside disc !important;\"><li style=\"margin-top: 3px !important; margin-bottom: 0px !important; padding-left: 5px !important; list-style: outside disc !important;\">priprava baz ciljnih podjetij,<\/li><li style=\"margin-top: 3px !important; margin-bottom: 0px !important; padding-left: 5px !important; list-style: outside disc !important;\">uporaba orodij direktnega marketinga,<\/li><li style=\"margin-top: 3px !important; margin-bottom: 0px !important; padding-left: 5px !important; list-style: outside disc !important;\">navezovanje neposrednih poslovnih stikov, s predstavitvijo izdelkov ali storitev va\u0161ega podjetja skrbno izbranemu segmentu podjetij, preko na\u0161ega klicnega studia Evom,<\/li><li style=\"margin-top: 3px !important; margin-bottom: 0px !important; padding-left: 5px !important; list-style: outside disc !important;\">zbiranje kvalitativnih informacij o nakupnem vedenju potro\u0161nikov in kulturnih razlikah,<\/li><li style=\"margin-top: 3px !important; margin-bottom: 0px !important; padding-left: 5px !important; list-style: outside disc !important;\">outsourcing komunikacijskih storitev vstopa na tuji trg,<\/li><li style=\"margin-top: 3px !important; margin-bottom: 0px !important; padding-left: 5px !important; list-style: outside disc !important;\">sprotno poro\u010danje o rezultatih projekta,<\/li><li style=\"margin-top: 3px !important; padding-left: 5px !important; list-style: outside disc !important;\">ob koncu vsakega\u00a0meseca urejene baze klicev, klju\u010dne informacije o poteku pisne in ustne korespondence.<\/li><\/ul><\/div><div class=\"paragraph\" style=\"overflow-wrap: break-word; margin: 0px; padding: 0.5em 0px; font-size: 13px; line-height: 1.5; color: #797979; font-family: Arial, Helvetica, sans-serif;\"><span style=\"font-size: medium;\"><span style=\"color: #fa7b09; font-size: large;\"><strong>Svet je lahko va\u0161!<\/strong><\/span><\/span><\/div>\t\t\t\t\t\t<\/div>\n\t\t\t\t<\/div>\n\t\t\t\t<div class=\"elementor-element elementor-element-2221242 elementor-mobile-align-center elementor-widget elementor-widget-button\" data-id=\"2221242\" data-element_type=\"widget\" data-widget_type=\"button.default\">\n\t\t\t\t<div class=\"elementor-widget-container\">\n\t\t\t\t\t<div class=\"elementor-button-wrapper\">\n\t\t\t<a class=\"elementor-button elementor-button-link elementor-size-md\" href=\"#\">\n\t\t\t\t\t\t<span class=\"elementor-button-content-wrapper\">\n\t\t\t\t\t\t<span class=\"elementor-button-text\">Za ve\u010d informacij nas kontaktirajte<\/span>\n\t\t<\/span>\n\t\t\t\t\t<\/a>\n\t\t<\/div>\n\t\t\t\t<\/div>\n\t\t\t\t<\/div>\n\t\t\t\t\t<\/div>\n\t\t\t\t<\/div>\n\t\t<div class=\"elementor-element elementor-element-7ade4de e-flex e-con-boxed e-con e-parent\" data-id=\"7ade4de\" data-element_type=\"container\" data-settings=\"{&quot;content_width&quot;:&quot;boxed&quot;}\" data-core-v316-plus=\"true\">\n\t\t\t\t\t<div class=\"e-con-inner\">\n\t\t\t\t<div class=\"elementor-element elementor-element-f419a53 elementor-widget elementor-widget-text-editor\" data-id=\"f419a53\" data-element_type=\"widget\" data-widget_type=\"text-editor.default\">\n\t\t\t\t<div class=\"elementor-widget-container\">\n\t\t\t\t\t\t\t<h2 class=\"wsite-content-title\" style=\"overflow-wrap: break-word; margin-bottom: 10px; padding-top: 0.3em; padding-bottom: 0.3em; font-size: 22px; line-height: 1.2; font-family: Exo, 'Myriad Pro', Arial, Helvetica, sans-serif; font-weight: 600; border-bottom: 1px solid #e5e5e5; -webkit-text-stroke-width: 0.2px; color: #252525; font-style: normal; letter-spacing: normal; text-align: left; text-transform: none; text-decoration-thickness: initial; text-decoration-style: initial; text-decoration-color: initial;\">Raziskave trga<\/h2>\t\t\t\t\t\t<\/div>\n\t\t\t\t<\/div>\n\t\t\t\t\t<\/div>\n\t\t\t\t<\/div>\n\t\t<div class=\"elementor-element elementor-element-2299315 e-flex e-con-boxed e-con e-parent\" data-id=\"2299315\" data-element_type=\"container\" data-settings=\"{&quot;content_width&quot;:&quot;boxed&quot;}\" data-core-v316-plus=\"true\">\n\t\t\t\t\t<div class=\"e-con-inner\">\n\t\t\t\t<div class=\"elementor-element elementor-element-f2d1ea5 elementor-drop-cap-yes elementor-drop-cap-view-default elementor-widget elementor-widget-text-editor\" data-id=\"f2d1ea5\" data-element_type=\"widget\" data-settings=\"{&quot;drop_cap&quot;:&quot;yes&quot;}\" data-widget_type=\"text-editor.default\">\n\t\t\t\t<div class=\"elementor-widget-container\">\n\t\t\t\t\t\t\t<p>Namen raziskave trga je prodor obstoje\u010dih ali novih izdelkov ali storitev na potencialni tuji trg.<\/p><p>Tr\u017ena raziskava vsebuje:<\/p><ul><li>identifikacijo in oceno novih tr\u017enih\/izdel\u010dnih prilo\u017enosti na potencialnem tujem trgu,<\/li><li>oceno ustreznosti obstoje\u010dih izdelkov ali storitev za potrebe potencialnega tujega trga,<\/li><li>pripravo na\u010drta za prilagoditev obstoje\u010dih izdelkov ali storitev specifikam tujega trga,<\/li><li>identifikacijo ustreznih prodajnih kanalov na\u00a0tujem trgu.<\/li><\/ul><div class=\"paragraph\"><span style=\"font-size: medium;\"><span style=\"color: #fa7b09; font-size: large;\"><strong>Dostopno tudi za manj\u0161a podjetja!<\/strong><\/span><\/span><\/div>\t\t\t\t\t\t<\/div>\n\t\t\t\t<\/div>\n\t\t\t\t<div class=\"elementor-element elementor-element-ae5c450 elementor-mobile-align-center elementor-widget elementor-widget-button\" data-id=\"ae5c450\" data-element_type=\"widget\" data-widget_type=\"button.default\">\n\t\t\t\t<div class=\"elementor-widget-container\">\n\t\t\t\t\t<div class=\"elementor-button-wrapper\">\n\t\t\t<a class=\"elementor-button elementor-button-link elementor-size-md\" href=\"#\">\n\t\t\t\t\t\t<span class=\"elementor-button-content-wrapper\">\n\t\t\t\t\t\t<span class=\"elementor-button-text\">Za ve\u010d informacij nas kontaktirajte<\/span>\n\t\t<\/span>\n\t\t\t\t\t<\/a>\n\t\t<\/div>\n\t\t\t\t<\/div>\n\t\t\t\t<\/div>\n\t\t\t\t\t<\/div>\n\t\t\t\t<\/div>\n\t\t\t\t<section class=\"elementor-section elementor-top-section elementor-element elementor-element-5740157 elementor-section-content-middle elementor-section-boxed elementor-section-height-default elementor-section-height-default\" data-id=\"5740157\" data-element_type=\"section\" data-settings=\"{&quot;background_background&quot;:&quot;classic&quot;}\">\n\t\t\t\t\t\t\t<div class=\"elementor-background-overlay\"><\/div>\n\t\t\t\t\t\t\t<div class=\"elementor-container elementor-column-gap-default\">\n\t\t\t\t\t<div class=\"elementor-column elementor-col-50 elementor-top-column elementor-element elementor-element-cfd80d6\" data-id=\"cfd80d6\" data-element_type=\"column\">\n\t\t\t<div class=\"elementor-widget-wrap elementor-element-populated\">\n\t\t\t\t\t\t\t\t<div class=\"elementor-element elementor-element-eec79ce elementor-widget elementor-widget-heading\" data-id=\"eec79ce\" data-element_type=\"widget\" data-widget_type=\"heading.default\">\n\t\t\t\t<div class=\"elementor-widget-container\">\n\t\t\t<h2 class=\"elementor-heading-title elementor-size-default\"><a href=\"#\">Imate vpr\u0161anje?<br>\nZ veseljem smo vam na razpolago. <\/a><\/h2>\t\t<\/div>\n\t\t\t\t<\/div>\n\t\t\t\t\t<\/div>\n\t\t<\/div>\n\t\t\t\t<div class=\"elementor-column elementor-col-50 elementor-top-column elementor-element elementor-element-0658be4\" data-id=\"0658be4\" data-element_type=\"column\">\n\t\t\t<div class=\"elementor-widget-wrap elementor-element-populated\">\n\t\t\t\t\t\t\t\t<div class=\"elementor-element elementor-element-013a8dd elementor-align-right elementor-tablet-align-center elementor-widget elementor-widget-button\" data-id=\"013a8dd\" data-element_type=\"widget\" data-widget_type=\"button.default\">\n\t\t\t\t<div class=\"elementor-widget-container\">\n\t\t\t\t\t<div class=\"elementor-button-wrapper\">\n\t\t\t<a class=\"elementor-button elementor-button-link elementor-size-lg\" href=\"#\">\n\t\t\t\t\t\t<span class=\"elementor-button-content-wrapper\">\n\t\t\t\t\t\t<span class=\"elementor-button-text\">Kontaktirajte nas<\/span>\n\t\t<\/span>\n\t\t\t\t\t<\/a>\n\t\t<\/div>\n\t\t\t\t<\/div>\n\t\t\t\t<\/div>\n\t\t\t\t\t<\/div>\n\t\t<\/div>\n\t\t\t\t\t\t\t<\/div>\n\t\t<\/section>\n\t\t\t\t\t\t\t<\/div>\n\t\t","protected":false},"excerpt":{"rendered":"<p>Vstop na tuje trge (B2B) \u017delite vstopiti na novi tuji trg? Pripravili smo vam nov specializirani produkt B2B tr\u017eenja s ciljem organizacije sre\u010danj s potencialnimi partnerji (kupci) in direktnega tr\u017eenja va\u0161ih izdelkov ali storitev na tujih trgih. Storitev vklju\u010duje: priprava baz ciljnih podjetij,uporaba orodij direktnega marketinga,navezovanje neposrednih poslovnih stikov, s predstavitvijo izdelkov ali storitev va\u0161ega [&hellip;]<\/p>\n","protected":false},"author":1,"featured_media":330,"parent":0,"menu_order":1,"comment_status":"closed","ping_status":"closed","template":"","meta":{"footnotes":""},"class_list":["post-1503","page","type-page","status-publish","has-post-thumbnail","hentry"],"blocksy_meta":[],"_links":{"self":[{"href":"https:\/\/www.evom.si\/index.php?rest_route=\/wp\/v2\/pages\/1503","targetHints":{"allow":["GET"]}}],"collection":[{"href":"https:\/\/www.evom.si\/index.php?rest_route=\/wp\/v2\/pages"}],"about":[{"href":"https:\/\/www.evom.si\/index.php?rest_route=\/wp\/v2\/types\/page"}],"author":[{"embeddable":true,"href":"https:\/\/www.evom.si\/index.php?rest_route=\/wp\/v2\/users\/1"}],"replies":[{"embeddable":true,"href":"https:\/\/www.evom.si\/index.php?rest_route=%2Fwp%2Fv2%2Fcomments&post=1503"}],"version-history":[{"count":79,"href":"https:\/\/www.evom.si\/index.php?rest_route=\/wp\/v2\/pages\/1503\/revisions"}],"predecessor-version":[{"id":3006,"href":"https:\/\/www.evom.si\/index.php?rest_route=\/wp\/v2\/pages\/1503\/revisions\/3006"}],"wp:featuredmedia":[{"embeddable":true,"href":"https:\/\/www.evom.si\/index.php?rest_route=\/wp\/v2\/media\/330"}],"wp:attachment":[{"href":"https:\/\/www.evom.si\/index.php?rest_route=%2Fwp%2Fv2%2Fmedia&parent=1503"}],"curies":[{"name":"wp","href":"https:\/\/api.w.org\/{rel}","templated":true}]}}