{"id":2319,"date":"2024-09-29T09:37:44","date_gmt":"2024-09-29T09:37:44","guid":{"rendered":"https:\/\/www.evom.si\/?page_id=2319"},"modified":"2024-10-04T09:37:26","modified_gmt":"2024-10-04T09:37:26","slug":"delavci-iz-azije","status":"publish","type":"page","link":"https:\/\/www.evom.si\/?page_id=2319","title":{"rendered":"Delavci iz Azije"},"content":{"rendered":"\t\t<div data-elementor-type=\"wp-page\" data-elementor-id=\"2319\" class=\"elementor elementor-2319\">\n\t\t\t\t\t\t\t<div class=\"elementor-element elementor-element-106edb3 e-flex e-con-boxed e-con e-parent\" data-id=\"106edb3\" data-element_type=\"container\" data-settings=\"{&quot;content_width&quot;:&quot;boxed&quot;}\" data-core-v316-plus=\"true\">\n\t\t\t\t\t<div class=\"e-con-inner\">\n\t\t\t\t<div class=\"elementor-element elementor-element-dba8380 elementor-widget elementor-widget-text-editor\" data-id=\"dba8380\" data-element_type=\"widget\" data-widget_type=\"text-editor.default\">\n\t\t\t\t<div class=\"elementor-widget-container\">\n\t\t\t<style>\/*! elementor - v3.18.0 - 08-12-2023 *\/\n.elementor-widget-text-editor.elementor-drop-cap-view-stacked .elementor-drop-cap{background-color:#69727d;color:#fff}.elementor-widget-text-editor.elementor-drop-cap-view-framed .elementor-drop-cap{color:#69727d;border:3px solid;background-color:transparent}.elementor-widget-text-editor:not(.elementor-drop-cap-view-default) .elementor-drop-cap{margin-top:8px}.elementor-widget-text-editor:not(.elementor-drop-cap-view-default) .elementor-drop-cap-letter{width:1em;height:1em}.elementor-widget-text-editor .elementor-drop-cap{float:left;text-align:center;line-height:1;font-size:50px}.elementor-widget-text-editor .elementor-drop-cap-letter{display:inline-block}<\/style>\t\t\t\t<h2 class=\"wsite-content-title\" style=\"overflow-wrap: break-word; margin-bottom: 10px; padding-top: 0.3em; padding-bottom: 0.3em; font-size: 22px; line-height: 1.2; font-family: Exo, 'Myriad Pro', Arial, Helvetica, sans-serif; font-weight: 600; border-bottom: 1px solid #e5e5e5; -webkit-text-stroke-width: 0.2px; color: #252525; font-style: normal; letter-spacing: normal; text-align: left; text-transform: none; text-decoration-thickness: initial; text-decoration-style: initial; text-decoration-color: initial;\">\u017delite zaposlitvi delavce iz Azije?\u00a0<\/h2>\t\t\t\t\t\t<\/div>\n\t\t\t\t<\/div>\n\t\t\t\t<div class=\"elementor-element elementor-element-7264ad7 elementor-drop-cap-yes elementor-drop-cap-view-default elementor-widget elementor-widget-text-editor\" data-id=\"7264ad7\" data-element_type=\"widget\" data-settings=\"{&quot;drop_cap&quot;:&quot;yes&quot;}\" data-widget_type=\"text-editor.default\">\n\t\t\t\t<div class=\"elementor-widget-container\">\n\t\t\t\t\t\t\t<div style=\"overflow-wrap: break-word; margin: 0px; padding: 0.5em 0px; font-size: 13px; line-height: 1.5; color: #797979; font-family: Arial, Helvetica, sans-serif;\"><p>Na\u0161e podjetje se osredoto\u010da na iskanje in selekcijo usposobljenih delavcev iz tretjih dr\u017eav, hkrati pa poskrbimo za pridobitev dovoljenj za prebivanje in delo. Poleg tega zagotavljamo celovito podporo pri integraciji novih zaposlenih v delovni proces in vklju\u010devanju v podjetje, kar omogo\u010da hitro prilagajanje in nemoteno delovanje.&#8221;<\/p><\/div><div style=\"overflow-wrap: break-word; margin: 0px; padding: 0.5em 0px; font-size: 13px; line-height: 1.5; color: #797979; font-family: Arial, Helvetica, sans-serif;\"><span style=\"font-size: medium;\"><span style=\"color: #fa7b09; font-size: large;\"><strong>Nudimo delavce iz: Nepala in Indije, ter v pripravi je tudi nudenje storitve nova\u010denja delavcev iz Filipinov.<\/strong><\/span><\/span><\/div>\t\t\t\t\t\t<\/div>\n\t\t\t\t<\/div>\n\t\t\t\t<div class=\"elementor-element elementor-element-53b4ee6 elementor-mobile-align-center elementor-widget elementor-widget-button\" data-id=\"53b4ee6\" data-element_type=\"widget\" data-widget_type=\"button.default\">\n\t\t\t\t<div class=\"elementor-widget-container\">\n\t\t\t\t\t<div class=\"elementor-button-wrapper\">\n\t\t\t<a class=\"elementor-button elementor-button-link elementor-size-md\" href=\"#\">\n\t\t\t\t\t\t<span class=\"elementor-button-content-wrapper\">\n\t\t\t\t\t\t<span class=\"elementor-button-text\">Za ve\u010d informacij nas kontaktirajte<\/span>\n\t\t<\/span>\n\t\t\t\t\t<\/a>\n\t\t<\/div>\n\t\t\t\t<\/div>\n\t\t\t\t<\/div>\n\t\t\t\t\t<\/div>\n\t\t\t\t<\/div>\n\t\t<div class=\"elementor-element elementor-element-7854a47 e-flex e-con-boxed e-con e-parent\" data-id=\"7854a47\" data-element_type=\"container\" data-settings=\"{&quot;content_width&quot;:&quot;boxed&quot;}\" data-core-v316-plus=\"true\">\n\t\t\t\t\t<div class=\"e-con-inner\">\n\t\t\t\t<div class=\"elementor-element elementor-element-948b68a elementor-widget elementor-widget-text-editor\" data-id=\"948b68a\" data-element_type=\"widget\" data-widget_type=\"text-editor.default\">\n\t\t\t\t<div class=\"elementor-widget-container\">\n\t\t\t\t\t\t\t<h2 class=\"wsite-content-title\" style=\"overflow-wrap: break-word; margin-bottom: 10px; padding-top: 0.3em; padding-bottom: 0.3em; font-size: 22px; line-height: 1.2; font-family: Exo, 'Myriad Pro', Arial, Helvetica, sans-serif; font-weight: 600; border-bottom: 1px solid #e5e5e5; -webkit-text-stroke-width: 0.2px; color: #252525; font-style: normal; letter-spacing: normal; text-align: left; text-transform: none; text-decoration-thickness: initial; text-decoration-style: initial; text-decoration-color: initial;\">Delavci iz Azije &#8211; alternativa za mnoga podjetja, ki se soo\u010dajo s pomanjkanjem kadrov. Priporo\u010damo za slede\u010da podro\u010dja:\u00a0<\/h2>\t\t\t\t\t\t<\/div>\n\t\t\t\t<\/div>\n\t\t\t\t<div class=\"elementor-element elementor-element-868880d elementor-drop-cap-yes elementor-drop-cap-view-default elementor-widget elementor-widget-text-editor\" data-id=\"868880d\" data-element_type=\"widget\" data-settings=\"{&quot;drop_cap&quot;:&quot;yes&quot;}\" data-widget_type=\"text-editor.default\">\n\t\t\t\t<div class=\"elementor-widget-container\">\n\t\t\t\t\t\t\t<div style=\"overflow-wrap: break-word; margin: 0px; padding: 0.5em 0px; line-height: 1.5; font-size: 13px; font-family: Arial, Helvetica, sans-serif; color: #797979;\"><p style=\"color: #797979; font-size: 13px;\"><strong><span style=\"font-size: medium;\"><span style=\"color: #fa7b09; font-size: large;\">Azijski gradbeni delavci<\/span><\/span><\/strong><br \/>Priporo\u010damo indijske delavce za gradbena dela, saj so specializirani in dobro usposobljeni v tem podro\u010dju. Na voljo so delavci kot so zidarji, tesarji, \u017eelezokrivci, varilci, in\u017eenirji, operaterji strojev, vodovodarji, elektri\u010darji, ter nekvalificirani delavci.<\/p><p style=\"color: #797979; font-size: 13px;\"><strong><span style=\"font-size: medium;\"><span style=\"color: #fa7b09; font-size: large;\">Azijski delavci za HoReCa<\/span><\/span><\/strong><br \/>V panogi HoReCa (hoteli, restavracije, kavarne) ponujamo zanesljivo delovno silo iz Azije, ki se je v Sloveniji \u017ee izkazala kot odgovorna in profesionalna. Nudimo zaposlitev za pozicije: kuharji, pomo\u010dniki kuharjev, natakarji, sla\u0161\u010di\u010darji, peki, barmani ter kvalificirano in nekvalificirano hotelsko osebje.\u00a0<\/p><p><strong><span style=\"color: #797979;\"><span style=\"font-size: 13px;\"><span style=\"font-size: medium;\"><span style=\"color: #fa7b09; font-size: large;\">Azijski delavci v transportu, logistiki in skladi\u0161\u010denju<\/span><\/span><\/span><\/span><\/strong><br \/><span style=\"color: #797979;\"><span style=\"font-size: 13px;\">Za podro\u010dja transporta, logistike in skladi\u0161\u010denja ponujamo zanesljive delavce iz Azije, ki so znani po svoji prilagodljivosti, delovni etiki in odgovornosti. Na voljo so delavci za razli\u010dne pozicije, vklju\u010dno z vozniki, skladi\u0161\u010dnimi delavci, vili\u010daristi ter logisti\u010dnim osebjem. Na\u0161e izku\u0161nje ka\u017eejo, da so azijski delavci klju\u010dna okrepitev v teh sektorjih, z visoko stopnjo u\u010dinkovitosti in natan\u010dnosti.\u00a0<\/span><\/span><\/p><p><span style=\"color: #797979;\"><span style=\"font-size: 13px;\"> <strong><span style=\"font-size: medium;\"><span style=\"color: #fa7b09; font-size: large;\">Azijski delavci v proizvodnji \/ recikliranju<\/span><\/span><\/strong><br \/>Za<\/span><\/span> podro\u010dji proizvodnje in recikliranja priporo\u010damo Azijske delavce. Njihova pedantnost in odgovornost se posebej izka\u017eeta v tekstilni industriji, obutveni industriji ter drugih proizvodnih sektorjih, kjer je natan\u010dnost klju\u010dna. Nepalska delovna sila je zelo uspe\u0161na pri opravljanju rutinskih nalog, ki zahtevajo skrbno pozornost in ponavljajo\u010de procese.<\/p><p><span style=\"color: #797979;\"><span style=\"font-size: 13px;\"><strong><span style=\"font-size: medium;\"><span style=\"color: #fa7b09; font-size: large;\">Azijski delavci v kmetijstvu<\/span><\/span><\/strong><br \/><\/span><\/span>Za delo v kmetijstvu priporo\u010damo nepalske delavce, saj kar 80 % nepalskega gospodarstva temelji na kmetijstvu. Nepalska delovna sila je zaradi tega vajena dela na prostem in prilagojena razli\u010dnim vremenskim razmeram. Njihova marljivost pomaga kmetom pri uspe\u0161nem izvajanju kmetijskih aktivnosti, ne glede na to, ali gre za mehanizirano delo ali ro\u010dno pomo\u010d.<\/p><\/div>\t\t\t\t\t\t<\/div>\n\t\t\t\t<\/div>\n\t\t\t\t\t<\/div>\n\t\t\t\t<\/div>\n\t\t<div class=\"elementor-element elementor-element-184738b e-flex e-con-boxed e-con e-parent\" data-id=\"184738b\" data-element_type=\"container\" data-settings=\"{&quot;content_width&quot;:&quot;boxed&quot;}\" data-core-v316-plus=\"true\">\n\t\t\t\t\t<div class=\"e-con-inner\">\n\t\t<div class=\"elementor-element elementor-element-84de70f e-con-full e-flex e-con e-child\" data-id=\"84de70f\" data-element_type=\"container\" data-settings=\"{&quot;content_width&quot;:&quot;full&quot;}\">\n\t\t\t\t<div class=\"elementor-element elementor-element-bc8077a elementor-widget elementor-widget-text-editor\" data-id=\"bc8077a\" data-element_type=\"widget\" data-widget_type=\"text-editor.default\">\n\t\t\t\t<div class=\"elementor-widget-container\">\n\t\t\t\t\t\t\t<h2 class=\"wsite-content-title\" style=\"overflow-wrap: break-word; margin-bottom: 10px; padding-top: 0.3em; padding-bottom: 0.3em; font-size: 22px; line-height: 1.2; font-family: Exo, 'Myriad Pro', Arial, Helvetica, sans-serif; font-weight: 600; border-bottom: 1px solid #e5e5e5; -webkit-text-stroke-width: 0.2px; color: #252525; font-style: normal; letter-spacing: normal; text-align: left; text-transform: none; text-decoration-thickness: initial; text-decoration-style: initial; text-decoration-color: initial;\">Zakaj sodelovati z nami?\u00a0<\/h2>\t\t\t\t\t\t<\/div>\n\t\t\t\t<\/div>\n\t\t\t\t<div class=\"elementor-element elementor-element-87f897d elementor-widget__width-initial elementor-widget elementor-widget-text-editor\" data-id=\"87f897d\" data-element_type=\"widget\" data-widget_type=\"text-editor.default\">\n\t\t\t\t<div class=\"elementor-widget-container\">\n\t\t\t\t\t\t\t<p><strong>Preverjeni in usposobljeni kandidati<\/strong><br \/>Vse na\u0161e kandidate skrbno preverimo ter zagotovimo, da so usposobljeni za delo. V procesu izbora poskrbimo za najvi\u0161je standarde, da izberemo le najbolj primerne kandidate za va\u0161o organizacijo.<\/p>\t\t\t\t\t\t<\/div>\n\t\t\t\t<\/div>\n\t\t\t\t<div class=\"elementor-element elementor-element-65bb649 elementor-widget elementor-widget-text-editor\" data-id=\"65bb649\" data-element_type=\"widget\" data-widget_type=\"text-editor.default\">\n\t\t\t\t<div class=\"elementor-widget-container\">\n\t\t\t\t\t\t\t<p><strong>Pravi kader za va\u0161e podjetje<\/strong><br \/>Na podlagi temeljite analize va\u0161ih potreb omogo\u010damo, da najdete idealne zaposlene, ki bodo ustrezali specifi\u010dnim zahtevam va\u0161ega delovnega mesta.<\/p>\t\t\t\t\t\t<\/div>\n\t\t\t\t<\/div>\n\t\t\t\t<\/div>\n\t\t<div class=\"elementor-element elementor-element-cc5e5ca e-con-full e-flex e-con e-child\" data-id=\"cc5e5ca\" data-element_type=\"container\" data-settings=\"{&quot;content_width&quot;:&quot;full&quot;}\">\n\t\t\t\t<div class=\"elementor-element elementor-element-b1749d0 elementor-widget elementor-widget-text-editor\" data-id=\"b1749d0\" data-element_type=\"widget\" data-widget_type=\"text-editor.default\">\n\t\t\t\t<div class=\"elementor-widget-container\">\n\t\t\t\t\t\t\t<p>\u00a0<\/p><p>\u00a0<\/p><p><strong>\u0160iroka izbira kandidatov<\/strong><br \/>Na\u0161a glavna prednost je dostop do \u0161irokega izbora kandidatov z raznolikimi znanji, izku\u0161njami in ve\u0161\u010dinami. Podjetjem omogo\u010damo, da izberejo ustrezen kader, prilagojen njihovim potrebam.<\/p>\t\t\t\t\t\t<\/div>\n\t\t\t\t<\/div>\n\t\t\t\t<\/div>\n\t\t\t\t\t<\/div>\n\t\t\t\t<\/div>\n\t\t<div class=\"elementor-element elementor-element-4ca688a e-flex e-con-boxed e-con e-parent\" data-id=\"4ca688a\" data-element_type=\"container\" data-settings=\"{&quot;content_width&quot;:&quot;boxed&quot;}\" data-core-v316-plus=\"true\">\n\t\t\t\t\t<div class=\"e-con-inner\">\n\t\t\t\t\t<\/div>\n\t\t\t\t<\/div>\n\t\t\t\t<section class=\"elementor-section elementor-top-section elementor-element elementor-element-bd41ffb elementor-section-content-middle elementor-section-boxed elementor-section-height-default elementor-section-height-default\" data-id=\"bd41ffb\" data-element_type=\"section\" data-settings=\"{&quot;background_background&quot;:&quot;classic&quot;}\">\n\t\t\t\t\t\t\t<div class=\"elementor-background-overlay\"><\/div>\n\t\t\t\t\t\t\t<div class=\"elementor-container elementor-column-gap-default\">\n\t\t\t\t\t<div class=\"elementor-column elementor-col-50 elementor-top-column elementor-element elementor-element-ca3ae80\" data-id=\"ca3ae80\" data-element_type=\"column\">\n\t\t\t<div class=\"elementor-widget-wrap elementor-element-populated\">\n\t\t\t\t\t\t\t\t<div class=\"elementor-element elementor-element-7d9e7c1 elementor-widget elementor-widget-heading\" data-id=\"7d9e7c1\" data-element_type=\"widget\" data-widget_type=\"heading.default\">\n\t\t\t\t<div class=\"elementor-widget-container\">\n\t\t\t<style>\/*! elementor - v3.18.0 - 08-12-2023 *\/\n.elementor-heading-title{padding:0;margin:0;line-height:1}.elementor-widget-heading .elementor-heading-title[class*=elementor-size-]>a{color:inherit;font-size:inherit;line-height:inherit}.elementor-widget-heading .elementor-heading-title.elementor-size-small{font-size:15px}.elementor-widget-heading .elementor-heading-title.elementor-size-medium{font-size:19px}.elementor-widget-heading .elementor-heading-title.elementor-size-large{font-size:29px}.elementor-widget-heading .elementor-heading-title.elementor-size-xl{font-size:39px}.elementor-widget-heading .elementor-heading-title.elementor-size-xxl{font-size:59px}<\/style><h2 class=\"elementor-heading-title elementor-size-default\"><a href=\"#\">Imate vpra\u0161anje?<br>\nZ veseljem smo vam na razpolago. <\/a><\/h2>\t\t<\/div>\n\t\t\t\t<\/div>\n\t\t\t\t\t<\/div>\n\t\t<\/div>\n\t\t\t\t<div class=\"elementor-column elementor-col-50 elementor-top-column elementor-element elementor-element-5ed58dd\" data-id=\"5ed58dd\" data-element_type=\"column\">\n\t\t\t<div class=\"elementor-widget-wrap elementor-element-populated\">\n\t\t\t\t\t\t\t\t<div class=\"elementor-element elementor-element-7b0b5eb elementor-align-right elementor-tablet-align-center elementor-widget elementor-widget-button\" data-id=\"7b0b5eb\" data-element_type=\"widget\" data-widget_type=\"button.default\">\n\t\t\t\t<div class=\"elementor-widget-container\">\n\t\t\t\t\t<div class=\"elementor-button-wrapper\">\n\t\t\t<a class=\"elementor-button elementor-button-link elementor-size-lg\" href=\"#\">\n\t\t\t\t\t\t<span class=\"elementor-button-content-wrapper\">\n\t\t\t\t\t\t<span class=\"elementor-button-text\">Kontaktirajte nas<\/span>\n\t\t<\/span>\n\t\t\t\t\t<\/a>\n\t\t<\/div>\n\t\t\t\t<\/div>\n\t\t\t\t<\/div>\n\t\t\t\t\t<\/div>\n\t\t<\/div>\n\t\t\t\t\t\t\t<\/div>\n\t\t<\/section>\n\t\t\t\t\t\t\t<\/div>\n\t\t","protected":false},"excerpt":{"rendered":"<p>\u017delite zaposlitvi delavce iz Azije?\u00a0 Na\u0161e podjetje se osredoto\u010da na iskanje in selekcijo usposobljenih delavcev iz tretjih dr\u017eav, hkrati pa poskrbimo za pridobitev dovoljenj za prebivanje in delo. Poleg tega zagotavljamo celovito podporo pri integraciji novih zaposlenih v delovni proces in vklju\u010devanju v podjetje, kar omogo\u010da hitro prilagajanje in nemoteno delovanje.&#8221; Nudimo delavce iz: Nepala [&hellip;]<\/p>\n","protected":false},"author":1,"featured_media":0,"parent":0,"menu_order":0,"comment_status":"closed","ping_status":"closed","template":"","meta":{"footnotes":""},"class_list":["post-2319","page","type-page","status-publish","hentry"],"blocksy_meta":[],"_links":{"self":[{"href":"https:\/\/www.evom.si\/index.php?rest_route=\/wp\/v2\/pages\/2319","targetHints":{"allow":["GET"]}}],"collection":[{"href":"https:\/\/www.evom.si\/index.php?rest_route=\/wp\/v2\/pages"}],"about":[{"href":"https:\/\/www.evom.si\/index.php?rest_route=\/wp\/v2\/types\/page"}],"author":[{"embeddable":true,"href":"https:\/\/www.evom.si\/index.php?rest_route=\/wp\/v2\/users\/1"}],"replies":[{"embeddable":true,"href":"https:\/\/www.evom.si\/index.php?rest_route=%2Fwp%2Fv2%2Fcomments&post=2319"}],"version-history":[{"count":52,"href":"https:\/\/www.evom.si\/index.php?rest_route=\/wp\/v2\/pages\/2319\/revisions"}],"predecessor-version":[{"id":2444,"href":"https:\/\/www.evom.si\/index.php?rest_route=\/wp\/v2\/pages\/2319\/revisions\/2444"}],"wp:attachment":[{"href":"https:\/\/www.evom.si\/index.php?rest_route=%2Fwp%2Fv2%2Fmedia&parent=2319"}],"curies":[{"name":"wp","href":"https:\/\/api.w.org\/{rel}","templated":true}]}}